{"id":2,"date":"2016-06-03T12:15:53","date_gmt":"2016-06-03T11:15:53","guid":{"rendered":"https:\/\/the7.io\/psy\/?page_id=2"},"modified":"2025-08-07T22:38:04","modified_gmt":"2025-08-07T22:38:04","slug":"home","status":"publish","type":"page","link":"https:\/\/web.logp.com.mx\/","title":{"rendered":"Home"},"content":{"rendered":"<p>[vc_row full_width=&#8221;stretch_row&#8221; parallax=&#8221;content-moving&#8221; parallax_image=&#8221;556&#8243; bg_type=&#8221;bg_color&#8221; bg_color_value=&#8221;#f2f2f2&#8243; css=&#8221;.vc_custom_1552526984302{margin-top: 0px !important;padding-top: 0px !important;padding-bottom: 60px !important;}&#8221;][vc_column][vc_row_inner content_placement=&#8221;middle&#8221; css=&#8221;.vc_custom_1552524080041{margin-top: -50px !important;padding-top: 0px !important;padding-bottom: 10px !important;background-color: #ffffff !important;border-radius: 10px !important;}&#8221;][vc_column_inner width=&#8221;1\/2&#8243; css=&#8221;.vc_custom_1552524021552{padding-bottom: 10px !important;}&#8221;][vc_single_image image=&#8221;533&#8243; img_size=&#8221;full&#8221; css=&#8221;.vc_custom_1552523902684{padding-bottom: 30px !important;}&#8221;][\/vc_column_inner][vc_column_inner width=&#8221;1\/2&#8243; css=&#8221;.vc_custom_1552524125219{padding-right: 10px !important;padding-left: 10px !important;}&#8221;]<div id=\"ultimate-heading-45869f52e889244f\" class=\"uvc-heading ult-adjust-bottom-margin ultimate-heading-45869f52e889244f uvc-2345 \" data-hspacer=\"no_spacer\"  data-halign=\"left\" style=\"text-align:left\"><div class=\"uvc-heading-spacer no_spacer\" style=\"top\"><\/div><div class=\"uvc-main-heading ult-responsive\"  data-ultimate-target='.uvc-heading.ultimate-heading-45869f52e889244f h3'  data-responsive-json-new='{\"font-size\":\"desktop:30px;\",\"line-height\":\"desktop:40px;\"}' ><h3 style=\"font-family:&#039;Raleway&#039;;font-weight:bold;color:#de492b;margin-bottom:10px;\">MENSAJER\u00cdA Y PAQUETER\u00cdA<\/h3><\/div><\/div>[vc_column_text css=&#8221;.vc_custom_1552523805977{padding-bottom: 10px !important;}&#8221;]Servicio de entrega garantizada al siguiente d\u00eda h\u00e1bil dentro de la Pen\u00ednsula Yucateca y de\u00a02 a 5 d\u00edas h\u00e1biles dentro de la Rep\u00fablica Mexicana.[\/vc_column_text]<style type=\"text\/css\" data-type=\"the7_shortcodes-inline-css\">#default-btn-1c898cb5b62419d3699ecb454784bb03 > i {\n  font-size: 11px;\n}\n#default-btn-1c898cb5b62419d3699ecb454784bb03 * {\n  vertical-align: middle;\n}\n<\/style><a href=\"https:\/\/logp.gbls.com.mx\/?page_id=1212\" class=\"default-btn-shortcode dt-btn dt-btn-m btn-inline-left \" id=\"default-btn-1c898cb5b62419d3699ecb454784bb03\"><span>Cont\u00e1ctanos<\/span><\/a>[\/vc_column_inner][\/vc_row_inner][vc_row_inner][vc_column_inner width=&#8221;1\/4&#8243;]<div class=\"ult-just-icon-wrapper  \"><div class=\"align-icon\" style=\"text-align:center;\">\n<div class=\"aio-icon-img \" style=\"font-size:48px;background:#ffffff;border-style:solid;border-color:#de492b;border-width:3px;padding:24px;border-radius:500px;display:inline-block;\" data-animation=\"fadeInUp\" data-animation-delay=\"03\">\n\t<img decoding=\"async\" class=\"img-icon\" alt=\"null\" src=\"https:\/\/web.logp.com.mx\/wp-content\/uploads\/2019\/03\/rastreo_Mesa-de-trabajo-1.png\"\/>\n<\/div><\/div><\/div><div id=\"ultimate-heading-547669f52e8892877\" class=\"uvc-heading ult-adjust-bottom-margin ultimate-heading-547669f52e8892877 uvc-297 \" data-hspacer=\"no_spacer\"  data-halign=\"center\" style=\"text-align:center\"><div class=\"uvc-heading-spacer no_spacer\" style=\"top\"><\/div><div class=\"uvc-main-heading ult-responsive\"  data-ultimate-target='.uvc-heading.ultimate-heading-547669f52e8892877 h4'  data-responsive-json-new='{\"font-size\":\"\",\"line-height\":\"\"}' ><h4 style=\"font-weight:bold;margin-top:28px;margin-bottom:20px;\">Recolecci\u00f3n v\u00eda telef\u00f3nica<\/h4><\/div><div class=\"uvc-sub-heading ult-responsive\"  data-ultimate-target='.uvc-heading.ultimate-heading-547669f52e8892877 .uvc-sub-heading '  data-responsive-json-new='{\"font-size\":\"desktop:14px;\",\"line-height\":\"desktop:28px;\"}'  style=\"font-weight:normal;\">Solicite su recolecci\u00f3n en cualquier de nuestras sucursales de\u00a09:00 am a 4:00 P.M.<\/p>\n<p>En caso de pedir su recolecci\u00f3n fuera de horario se tomar\u00e1 encuenta la disponibilidad.<\/div><\/div>[\/vc_column_inner][vc_column_inner width=&#8221;1\/4&#8243;]<div class=\"ult-just-icon-wrapper  \"><div class=\"align-icon\" style=\"text-align:center;\">\n<div class=\"aio-icon-img \" style=\"font-size:48px;background:#ffffff;border-style:solid;border-color:#de492b;border-width:3px;padding:24px;border-radius:500px;display:inline-block;\" data-animation=\"fadeInUp\" data-animation-delay=\"03\">\n\t<img decoding=\"async\" class=\"img-icon\" alt=\"null\" src=\"https:\/\/web.logp.com.mx\/wp-content\/uploads\/2019\/05\/guia_Mesa-de-trabajo-1.png\"\/>\n<\/div><\/div><\/div><div id=\"ultimate-heading-930769f52e8892a3e\" class=\"uvc-heading ult-adjust-bottom-margin ultimate-heading-930769f52e8892a3e uvc-8999 \" data-hspacer=\"no_spacer\"  data-halign=\"center\" style=\"text-align:center\"><div class=\"uvc-heading-spacer no_spacer\" style=\"top\"><\/div><div class=\"uvc-main-heading ult-responsive\"  data-ultimate-target='.uvc-heading.ultimate-heading-930769f52e8892a3e h4'  data-responsive-json-new='{\"font-size\":\"\",\"line-height\":\"\"}' ><h4 style=\"font-weight:bold;margin-top:28px;margin-bottom:20px;\">Gu\u00edas Prepago<\/h4><\/div><div class=\"uvc-sub-heading ult-responsive\"  data-ultimate-target='.uvc-heading.ultimate-heading-930769f52e8892a3e .uvc-sub-heading '  data-responsive-json-new='{\"font-size\":\"desktop:14px;\",\"line-height\":\"desktop:28px;\"}'  style=\"font-weight:normal;\">Contrate gu\u00edas prepagadas y tendr\u00e1 ahorro que le permitir\u00e1 crecer.<\/p>\n<p>Ahorro en descuentos por volumen<\/p>\n<p>Acceso a nuestro sistema de gu\u00edas electr\u00f3nicas<\/p>\n<p>Recolecci\u00f3n sin costo adicional.<\/div><\/div>[\/vc_column_inner][vc_column_inner width=&#8221;1\/4&#8243;]<div class=\"ult-just-icon-wrapper  \"><div class=\"align-icon\" style=\"text-align:center;\">\n<div class=\"aio-icon-img \" style=\"font-size:48px;background:#ffffff;border-style:solid;border-color:#de492b;border-width:3px;padding:24px;border-radius:500px;display:inline-block;\" data-animation=\"fadeInUp\" data-animation-delay=\"03\">\n\t<img decoding=\"async\" class=\"img-icon\" alt=\"null\" src=\"https:\/\/web.logp.com.mx\/wp-content\/uploads\/2019\/03\/seguro_2.png\"\/>\n<\/div><\/div><\/div><div id=\"ultimate-heading-259169f52e8892be1\" class=\"uvc-heading ult-adjust-bottom-margin ultimate-heading-259169f52e8892be1 uvc-6174 \" data-hspacer=\"no_spacer\"  data-halign=\"center\" style=\"text-align:center\"><div class=\"uvc-heading-spacer no_spacer\" style=\"top\"><\/div><div class=\"uvc-main-heading ult-responsive\"  data-ultimate-target='.uvc-heading.ultimate-heading-259169f52e8892be1 h4'  data-responsive-json-new='{\"font-size\":\"\",\"line-height\":\"\"}' ><h4 style=\"font-weight:bold;margin-top:28px;margin-bottom:20px;\">Planes de Cr\u00e9dito<\/h4><\/div><div class=\"uvc-sub-heading ult-responsive\"  data-ultimate-target='.uvc-heading.ultimate-heading-259169f52e8892be1 .uvc-sub-heading '  data-responsive-json-new='{\"font-size\":\"desktop:14px;\",\"line-height\":\"desktop:28px;\"}'  style=\"font-weight:normal;\">Apoyamos a nuestros clientes cumplidos con planes de cr\u00e9dito a su medida.<\/div><\/div>[\/vc_column_inner][vc_column_inner width=&#8221;1\/4&#8243;]<div class=\"ult-just-icon-wrapper  \"><div class=\"align-icon\" style=\"text-align:center;\">\n<div class=\"aio-icon-img \" style=\"font-size:48px;background:#ffffff;border-style:solid;border-color:#de492b;border-width:3px;padding:24px;border-radius:500px;display:inline-block;\" data-animation=\"fadeInUp\" data-animation-delay=\"03\">\n\t<img decoding=\"async\" class=\"img-icon\" alt=\"null\" src=\"https:\/\/web.logp.com.mx\/wp-content\/uploads\/2019\/03\/oportuno_Mesa-de-trabajo-1.png\"\/>\n<\/div><\/div><\/div><div id=\"ultimate-heading-976269f52e8892d68\" class=\"uvc-heading ult-adjust-bottom-margin ultimate-heading-976269f52e8892d68 uvc-3865 \" data-hspacer=\"no_spacer\"  data-halign=\"center\" style=\"text-align:center\"><div class=\"uvc-heading-spacer no_spacer\" style=\"top\"><\/div><div class=\"uvc-main-heading ult-responsive\"  data-ultimate-target='.uvc-heading.ultimate-heading-976269f52e8892d68 h4'  data-responsive-json-new='{\"font-size\":\"\",\"line-height\":\"\"}' ><h4 style=\"font-weight:bold;margin-top:28px;margin-bottom:20px;\">Gu\u00edas por Cobrar<\/h4><\/div><div class=\"uvc-sub-heading ult-responsive\"  data-ultimate-target='.uvc-heading.ultimate-heading-976269f52e8892d68 .uvc-sub-heading '  data-responsive-json-new='{\"font-size\":\"desktop:14px;\",\"line-height\":\"desktop:28px;\"}'  style=\"font-weight:normal;\">Usted puede solicitar que el pago de su env\u00edo se realice en el destino, debiendo ser de contado.<\/div><\/div>[\/vc_column_inner][\/vc_row_inner][\/vc_column][\/vc_row][vc_row css=&#8221;.vc_custom_1552840202843{margin-top: -35px !important;padding-top: 0px !important;padding-bottom: 0px !important;}&#8221;][vc_column css=&#8221;.vc_custom_1552840168505{margin-top: 0px !important;}&#8221;][\/vc_column][\/vc_row][vc_row bg_type=&#8221;image&#8221; parallax_style=&#8221;vcpb-default&#8221; bg_image_new=&#8221;id^1371|url^https:\/\/logp.gbls.com.mx\/wp-content\/uploads\/2019\/05\/log-in.jpg|caption^null|alt^null|title^log-in|description^null&#8221; bg_image_repeat=&#8221;no-repeat&#8221; bg_override=&#8221;ex-full&#8221; type=&#8221;vc_default&#8221; css=&#8221;.vc_custom_1558977472730{margin-bottom: 0px !important;padding-top: 90px !important;padding-bottom: 100px !important;}&#8221;][vc_column width=&#8221;2\/3&#8243; css=&#8221;.vc_custom_1552528852350{padding-bottom: 0px !important;}&#8221;]<div id=\"ultimate-heading-650669f52e8892da1\" class=\"uvc-heading ult-adjust-bottom-margin ultimate-heading-650669f52e8892da1 uvc-6849 \" data-hspacer=\"no_spacer\"  data-halign=\"left\" style=\"text-align:left\"><div class=\"uvc-heading-spacer no_spacer\" style=\"top\"><\/div><div class=\"uvc-main-heading ult-responsive\"  data-ultimate-target='.uvc-heading.ultimate-heading-650669f52e8892da1 h1'  data-responsive-json-new='{\"font-size\":\"desktop:40px;\",\"line-height\":\"desktop:40px;\"}' ><h1 style=\"font-weight:bold;color:#ffffff;margin-bottom:20px;\">Seguro de env\u00edos<\/h1><\/div><div class=\"uvc-sub-heading ult-responsive\"  data-ultimate-target='.uvc-heading.ultimate-heading-650669f52e8892da1 .uvc-sub-heading '  data-responsive-json-new='{\"font-size\":\"desktop:16px;\",\"line-height\":\"desktop:28px;\"}'  style=\"font-weight:normal;color:#ffffff;\">Ofrecemos seguro de env\u00edo en tus env\u00edos con cargo extra.<\/div><\/div>[\/vc_column][vc_column width=&#8221;1\/3&#8243;]<div id=\"ultimate-heading-893869f52e8892dca\" class=\"uvc-heading ult-adjust-bottom-margin ultimate-heading-893869f52e8892dca uvc-9091 \" data-hspacer=\"no_spacer\"  data-halign=\"left\" style=\"text-align:left\"><div class=\"uvc-heading-spacer no_spacer\" style=\"top\"><\/div><div class=\"uvc-main-heading ult-responsive\"  data-ultimate-target='.uvc-heading.ultimate-heading-893869f52e8892dca h4'  data-responsive-json-new='{\"font-size\":\"desktop:30px;\",\"line-height\":\"desktop:40px;\"}' ><h4 style=\"font-weight:bold;color:#ffffff;margin-bottom:15px;\">Cobertura<\/h4><\/div><\/div><div class=\"standard-arrow list-divider bullet-top\"><ul>\n<li><span style=\"color: #ffffff;\">Robo y extrav\u00edo<\/span><\/li>\n<li><span style=\"color: #ffffff;\">Da\u00f1o parcial y total<\/span><\/li>\n<li><span style=\"color: #ffffff;\">Aplica restricciones<\/span><\/li>\n<\/ul>\n<\/div><style type=\"text\/css\" data-type=\"the7_shortcodes-inline-css\">#default-btn-15ad595bd0847de72860861c78aef9cf:not(:hover) {\n  background: #ffffff !important;\n  color: #222222;\n}\n#default-btn-15ad595bd0847de72860861c78aef9cf:not(:hover) * {\n  color: #222222;\n}\n.btn-3d #default-btn-15ad595bd0847de72860861c78aef9cf:not(:hover) {\n  border-bottom-color: #e0e0e0;\n}\n#default-btn-15ad595bd0847de72860861c78aef9cf:hover {\n  background: rgba(255,255,255,0.85) !important;\n  color: #222222;\n}\n#default-btn-15ad595bd0847de72860861c78aef9cf:hover * {\n  color: #222222;\n}\n.btn-3d #default-btn-15ad595bd0847de72860861c78aef9cf:hover {\n  border-bottom-color: rgba(224,224,224,0.85);\n}\n#default-btn-15ad595bd0847de72860861c78aef9cf > i {\n  font-size: 11px;\n}\n#default-btn-15ad595bd0847de72860861c78aef9cf * {\n  vertical-align: middle;\n}\n<\/style><div class=\"btn-align-center\"><a href=\"\/?page_id=1212\" class=\"default-btn-shortcode dt-btn dt-btn-l full-width-btn \" id=\"default-btn-15ad595bd0847de72860861c78aef9cf\" title=\"Contacto\"><span>Solicitar m\u00e1s informaci\u00f3n en tu Sucursal<\/span><\/a><\/div>[\/vc_column][\/vc_row]<\/p>\n","protected":false},"excerpt":{"rendered":"<p>[vc_row full_width=&#8221;stretch_row&#8221; parallax=&#8221;content-moving&#8221; parallax_image=&#8221;556&#8243; bg_type=&#8221;bg_color&#8221; bg_color_value=&#8221;#f2f2f2&#8243; css=&#8221;.vc_custom_1552526984302{margin-top: 0px !important;padding-top: 0px !important;padding-bottom: 60px !important;}&#8221;][vc_column][vc_row_inner content_placement=&#8221;middle&#8221; css=&#8221;.vc_custom_1552524080041{margin-top: -50px !important;padding-top: 0px !important;padding-bottom: 10px !important;background-color: #ffffff !important;border-radius: 10px !important;}&#8221;][vc_column_inner width=&#8221;1\/2&#8243; css=&#8221;.vc_custom_1552524021552{padding-bottom: 10px !important;}&#8221;][vc_single_image image=&#8221;533&#8243; img_size=&#8221;full&#8221; css=&#8221;.vc_custom_1552523902684{padding-bottom: 30px !important;}&#8221;][\/vc_column_inner][vc_column_inner width=&#8221;1\/2&#8243; css=&#8221;.vc_custom_1552524125219{padding-right: 10px !important;padding-left: 10px !important;}&#8221;][vc_column_text css=&#8221;.vc_custom_1552523805977{padding-bottom: 10px !important;}&#8221;]Servicio de entrega garantizada al siguiente d\u00eda h\u00e1bil dentro de la Pen\u00ednsula Yucateca&hellip;<\/p>\n","protected":false},"author":1,"featured_media":0,"parent":0,"menu_order":0,"comment_status":"closed","ping_status":"closed","template":"","meta":[],"class_list":["post-2","page","type-page","status-publish","hentry","description-off"],"_links":{"self":[{"href":"https:\/\/web.logp.com.mx\/index.php?rest_route=\/wp\/v2\/pages\/2","targetHints":{"allow":["GET"]}}],"collection":[{"href":"https:\/\/web.logp.com.mx\/index.php?rest_route=\/wp\/v2\/pages"}],"about":[{"href":"https:\/\/web.logp.com.mx\/index.php?rest_route=\/wp\/v2\/types\/page"}],"author":[{"embeddable":true,"href":"https:\/\/web.logp.com.mx\/index.php?rest_route=\/wp\/v2\/users\/1"}],"replies":[{"embeddable":true,"href":"https:\/\/web.logp.com.mx\/index.php?rest_route=%2Fwp%2Fv2%2Fcomments&post=2"}],"version-history":[{"count":72,"href":"https:\/\/web.logp.com.mx\/index.php?rest_route=\/wp\/v2\/pages\/2\/revisions"}],"predecessor-version":[{"id":1446,"href":"https:\/\/web.logp.com.mx\/index.php?rest_route=\/wp\/v2\/pages\/2\/revisions\/1446"}],"wp:attachment":[{"href":"https:\/\/web.logp.com.mx\/index.php?rest_route=%2Fwp%2Fv2%2Fmedia&parent=2"}],"curies":[{"name":"wp","href":"https:\/\/api.w.org\/{rel}","templated":true}]}}