{"id":1250,"date":"2019-05-19T09:13:56","date_gmt":"2019-05-19T09:13:56","guid":{"rendered":"http:\/\/logpack.gbts.mx\/?page_id=1250"},"modified":"2020-03-17T19:45:14","modified_gmt":"2020-03-17T19:45:14","slug":"articulos-prohibidos","status":"publish","type":"page","link":"https:\/\/web.logp.com.mx\/?page_id=1250","title":{"rendered":"Art\u00edculos Prohibidos"},"content":{"rendered":"<p>[vc_row][vc_column]<div id=\"ultimate-heading-677969f539933e522\" class=\"uvc-heading ult-adjust-bottom-margin ultimate-heading-677969f539933e522 uvc-3181 \" data-hspacer=\"no_spacer\"  data-halign=\"center\" style=\"text-align:center\"><div class=\"uvc-heading-spacer no_spacer\" style=\"top\"><\/div><div class=\"uvc-main-heading ult-responsive\"  data-ultimate-target='.uvc-heading.ultimate-heading-677969f539933e522 h2'  data-responsive-json-new='{\"font-size\":\"desktop:30px;\",\"line-height\":\"\"}' ><h2 style=\"font-weight:normal;color:#c64c39;margin-bottom:30px;\">Clasificaci\u00f3n SCT\/DOT<\/h2><\/div><\/div>[vc_tta_tour style=&#8221;flat&#8221; shape=&#8221;square&#8221; color=&#8221;white&#8221; active_section=&#8221;1&#8243;][vc_tta_section title=&#8221;Clase 1: Explosivos&#8221; tab_id=&#8221;1552843749658-3b0d835a-01142c42-7d51&#8243;][vc_column_text]Comprende de sustancias explosivas, art\u00edculos explosivos y sustancias que producen efecto explosivo pirot\u00e9cnico. Se subdivide en seis subclases:<\/p>\n<p>1.1 Materiales y art\u00edculos que presentan riesgo de explosi\u00f3n de toda la masa (como la nitroglicerina y la dinamita).<\/p>\n<p>1.2 Materiales y art\u00edculos que presentan riesgo de proyecci\u00f3n, pero no de explosi\u00f3n de toda la masa.<\/p>\n<p>1.3 Materiales y art\u00edculos que presentan riesgo de incendio y de que se produzcan peque\u00f1os efectos de onda de choque o proyecci\u00f3n, pero no un riesgo de explosi\u00f3n de toda la masa.<\/p>\n<p>1.4 Materiales y art\u00edculos que no presentan riesgos notables. Generalmente se limita a da\u00f1os en el embalaje.<\/p>\n<p>1.5 Materiales muy poco sensibles que presentan riesgo de explosi\u00f3n de toda la masa pero que la posibilidad de explosi\u00f3n es remota.<\/p>\n<p>1.6 Materiales extremadamente insensibles que no presentan riesgo de explosi\u00f3n de toda la masa.[\/vc_column_text][vc_single_image image=&#8221;1300&#8243;][\/vc_tta_section][vc_tta_section title=&#8221;Clase 2: Gases&#8221; tab_id=&#8221;1552843749678-3d155db5-b05f2c42-7d51&#8243;][vc_column_text]Se refiere a cualquier tipo de gas comprimido, licuado o disuelto bajo presi\u00f3n. Se distinguen tres subclases:<\/p>\n<ul>\n<li>2.1 Gases inflamables. Incluyen generalmente a hidrocarburos procedentes de la destilaci\u00f3n del petr\u00f3leo o de fuentes de gas natural (propano, hidr\u00f3geno).<\/li>\n<li>2.2 Gases no inflamables, no venenosos y no corrosivos. Son gases que no se queman con facilidad, y la combusti\u00f3n puede llevarse a cabo solo en condiciones extremas (nitr\u00f3geno, helio).<\/li>\n<li>2.3 Gases venenosos. Conformado por mezclas estables de gases, pero capaces de reaccionar con los compuestos org\u00e1nicos de las c\u00e9lulas produciendo la muerte (Cloro, fosgeno).<\/li>\n<li>2.4 Gases corrosivos.<\/li>\n<\/ul>\n<p>[\/vc_column_text][vc_single_image image=&#8221;1305&#8243;][\/vc_tta_section][vc_tta_section title=&#8221;Clase 3: L\u00edquidos&#8221; tab_id=&#8221;1558258047106-ec08f4ac-71ad&#8221;][vc_column_text]Son l\u00edquidos, mezclas de l\u00edquidos, o l\u00edquidos conteniendo s\u00f3lidos en soluci\u00f3n o suspensi\u00f3n, que liberan vapores inflamables a temperaturas relativamente bajas. Estas se clasifican de acuerdo al Punto de Inflamabilidad, esto es, la temperatura m\u00e1s baja a la que el l\u00edquido desprende vapores en cantidad suficiente para formar una mezcla inflamable en las proximidades de su superficie (gasolina).<\/p>\n<ul>\n<li>3.1 Punto de inflamabilidad bajo (inferior a -18\u00ba C).<\/li>\n<li>3.2 Punto de inflamabilidad medio (igual o superior a -18\u00ba C e inferior a 23\u00ba C)<\/li>\n<li>3.3 Punto de inflamabilidad alto (igual o superior a 23\u00ba C e inferior a 61\u00ba C)<\/li>\n<\/ul>\n<p>En esta clase tambi\u00e9n se incluyen igualmente las materias s\u00f3lidas en estado fundido cuyo punto de inflamaci\u00f3n es superior a 61\u00ba C y que sean entregadas al transporte o transportadas en caliente a una temperatura igual o superior a su punto de inflamaci\u00f3n. Tambi\u00e9n se incluyen las materias l\u00edquidas explosivas desensibilizadas (materias l\u00edquidas explosivas preparadas en soluci\u00f3n o en suspensi\u00f3n en agua o en otros l\u00edquidos de modo que formen una mezcla l\u00edquida homog\u00e9nea exenta de propiedades explosivas).[\/vc_column_text][vc_single_image image=&#8221;1307&#8243;][\/vc_tta_section][vc_tta_section title=&#8221;Clase 4: S\u00f3lidos&#8221; tab_id=&#8221;1558258075907-3969acd3-b6d6&#8243;][vc_column_text]Incluye a las sustancias espont\u00e1neamente inflamables y sustancias que en contacto con el agua emiten gases inflamables. Son las sustancias que se encienden con facilidad, y que en consecuencia representan un peligro de incendio bajo las condiciones industriales normales.<\/p>\n<ul>\n<li>4.1 S\u00f3lidos inflamables. Son s\u00f3lidos que en condiciones normales de transporte son inflamables y pueden favorecer incendios por <a href=\"http:\/\/es.wikipedia.org\/wiki\/Fricci%C3%83%C2%B3n\">fricci\u00f3n<\/a>(<a href=\"http:\/\/es.wikipedia.org\/wiki\/Magnesio\">magnesio<\/a>, <a href=\"http:\/\/es.wikipedia.org\/wiki\/F%C3%83%C2%B3sforo_rojo\">F\u00f3sforo rojo<\/a>).<\/li>\n<li>4.2 Sustancias que pueden presentar <a href=\"http:\/\/es.wikipedia.org\/wiki\/Combusti%C3%83%C2%B3n_espont%C3%83%C2%A1nea\">combusti\u00f3n espont\u00e1nea<\/a>. Son espont\u00e1neamente inflamables en condiciones normales de transporte o al entrar en contacto con el aire (<a href=\"http:\/\/es.wikipedia.org\/wiki\/F%C3%83%C2%B3sforo_blanco\">F\u00f3sforo blanco<\/a>).<\/li>\n<li>4.3 Sustancia que en contacto con el agua despide gases inflamables o t\u00f3xicos (<a href=\"http:\/\/es.wikipedia.org\/wiki\/Sodio\">sodio<\/a>, <a href=\"http:\/\/es.wikipedia.org\/wiki\/Potasio\">potasio<\/a>).<\/li>\n<\/ul>\n<p>[\/vc_column_text][vc_single_image image=&#8221;1308&#8243;][\/vc_tta_section][vc_tta_section title=&#8221;Clase 5: Oxidantes&#8221; tab_id=&#8221;1558258106482-7b1b4b0a-6f1a&#8221;][vc_column_text]<\/p>\n<ul>\n<li>5.1 <a href=\"http:\/\/es.wikipedia.org\/wiki\/Oxidante#Significados_alternativos\">Oxidantes<\/a>. Son sustancias que, aun sin ser combustibles, causan o contribuyen a la combusti\u00f3n al liberar ox\u00edgeno. No se confunda con las sustancias oxidantes o receptoras de electrones en reacciones qu\u00edmicas (ver <a href=\"http:\/\/es.wikipedia.org\/wiki\/Reducci%C3%83%C2%B3n-oxidaci%C3%83%C2%B3n\">Reducci\u00f3n-oxidaci\u00f3n<\/a>)(<a href=\"http:\/\/es.wikipedia.org\/wiki\/Nitrato_de_amonio\">nitrato de amonio<\/a>, <a href=\"http:\/\/es.wikipedia.org\/wiki\/Per%C3%83%C2%B3xido_de_hidr%C3%83%C2%B3geno\">per\u00f3xido de hidr\u00f3geno<\/a>).<\/li>\n<li>5.2 <a href=\"http:\/\/es.wikipedia.org\/wiki\/Per%C3%83%C2%B3xido\">Per\u00f3xidos org\u00e1nicos<\/a>. Compuestos org\u00e1nicos con estructura bivalente O-O, t\u00e9rmicamente inestables, capaces de descomponerse en forma explosiva y violenta. Son sensibles al calor o a la fricci\u00f3n.<\/li>\n<\/ul>\n<p>[\/vc_column_text][vc_single_image image=&#8221;1309&#8243;][\/vc_tta_section][vc_tta_section title=&#8221;Clase 6: Venenos&#8221; tab_id=&#8221;1558258138071-90f2f499-19b3&#8243;][vc_column_text]<\/p>\n<ul>\n<li>6.1 Sustancias venenosas. Son s\u00f3lidos o l\u00edquidos que pueden causar efectos graves y perjudiciales para la salud del ser humano si se inhalan sus vapores, se ingieren o entran en contacto con la piel o las mucosas (<a href=\"http:\/\/es.wikipedia.org\/wiki\/Cianuro_de_potasio\">cianuro de potasio<\/a>, <a href=\"http:\/\/es.wikipedia.org\/wiki\/Cloruro_de_mercurio_(I)\">Cloruro de mercurio (I)<\/a>, <a href=\"http:\/\/es.wikipedia.org\/wiki\/Cloruro_de_mercurio_(II)\">Cloruro de mercurio (II)<\/a>).<\/li>\n<li>6.2 Sustancias infecciosas. Son materiales que contienen microorganismos pat\u00f3genos viables o toxinas de los que se sabe o se sospecha pudieran originar enfermedades en humanos y en animales (<a href=\"http:\/\/es.wikipedia.org\/wiki\/%C3%83%C2%81ntrax\">\u00e1ntrax<\/a>, <a href=\"http:\/\/es.wikipedia.org\/wiki\/VIH\">VIH<\/a>)<\/li>\n<\/ul>\n<p>[\/vc_column_text][vc_single_image image=&#8221;1310&#8243;][\/vc_tta_section][vc_tta_section title=&#8221;Clase 7: Radiactivos&#8221; tab_id=&#8221;1558258166356-d9aa5fce-c9ca&#8221;][vc_single_image image=&#8221;1311&#8243;][vc_column_text]Se entiende por material <a href=\"http:\/\/es.wikipedia.org\/wiki\/Radiactividad\">radiactivo<\/a>a todos aquellos que poseen una actividad mayor a 70 kBq\/kg (<a href=\"http:\/\/es.wikipedia.org\/wiki\/Becquerel\">kilobequerelios<\/a>por <a href=\"http:\/\/es.wikipedia.org\/wiki\/Kilogramo\">kilogramo<\/a>) o su equivalente de 2 nCi\/g (<a href=\"http:\/\/es.wikipedia.org\/wiki\/Curio_(unidad)\">nanocurios<\/a>por <a href=\"http:\/\/es.wikipedia.org\/wiki\/Gramo\">gramo<\/a>) (<a href=\"http:\/\/es.wikipedia.org\/wiki\/Uranio\">Uranio<\/a>, <a href=\"http:\/\/es.wikipedia.org\/wiki\/Plutonio\">Plutonio<\/a>).[\/vc_column_text][\/vc_tta_section][vc_tta_section title=&#8221;Clase 8: Corrosivos&#8221; tab_id=&#8221;1558258192689-c02b35ac-d053&#8243;][vc_column_text]Son sustancias <a href=\"http:\/\/es.wikipedia.org\/wiki\/%C3%83%C2%81cido\">\u00e1cidas<\/a>o <a href=\"http:\/\/es.wikipedia.org\/wiki\/Base_(qu%C3%83%C2%ADmica)\">b\u00e1sicas<\/a>que causan lesiones visibles en la piel y otros tejidos vivos o corro en los metales. Algunas de estas sustancias son vol\u00e1tiles y desprenden vapores irritantes; pueden desprender gases t\u00f3xicos cuando se descomponen (<a href=\"http:\/\/es.wikipedia.org\/wiki\/Hidr%C3%83%C2%B3xido_de_Sodio\">hidr\u00f3xido de Sodio<\/a>, <a href=\"http:\/\/es.wikipedia.org\/wiki\/%C3%83%C2%81cido_sulf%C3%83%C2%BArico\">\u00e1cido sulf\u00farico<\/a>)[\/vc_column_text][vc_single_image image=&#8221;1312&#8243;][\/vc_tta_section][vc_tta_section title=&#8221;Clase 9: Mezclas peligrosas&#8221; tab_id=&#8221;1558258219800-56c5aae3-def5&#8243;][vc_column_text]Son sustancias que presentan peligros para el hombre y el medio ambiente, pero sus efectos sobre \u00e9stos no clasifican como ninguna de las clases anteriores (por ejemplo el <a href=\"http:\/\/es.wikipedia.org\/wiki\/Hielo_seco\">hielo seco<\/a>).<\/p>\n<ul>\n<li>9.1 Cargas peligrosas que est\u00e1n reguladas en su transporte pero no pueden ser incluidas en ninguna de las clases antes mencionadas (<a href=\"http:\/\/es.wikipedia.org\/wiki\/Asfalto\">asfalto<\/a>caliente).<\/li>\n<li>9.2 Sustancias peligrosas para el <a href=\"http:\/\/es.wikipedia.org\/wiki\/Medio_ambiente\">medio ambiente<\/a>.<\/li>\n<li>9.3 <a href=\"http:\/\/es.wikipedia.org\/wiki\/Basura\">Residuos<\/a>peligrosos.<\/li>\n<\/ul>\n<p>[\/vc_column_text][vc_single_image image=&#8221;1310&#8243;][\/vc_tta_section][\/vc_tta_tour][\/vc_column][\/vc_row][vc_row][vc_column width=&#8221;1\/4&#8243;][\/vc_column][vc_column width=&#8221;1\/2&#8243;][vc_single_image image=&#8221;1298&#8243; img_size=&#8221;full&#8221; alignment=&#8221;center&#8221;][\/vc_column][vc_column width=&#8221;1\/4&#8243;][\/vc_column][\/vc_row][vc_row bg_type=&#8221;image&#8221; parallax_style=&#8221;vcpb-default&#8221; bg_image_new=&#8221;id^621|url^\/wp-content\/uploads\/2019\/03\/shutterstock-380623708-5a830bdc231d1-1200&#215;628.jpg|caption^null|alt^null|title^shutterstock-380623708-5a830bdc231d1-1200&#215;628|description^null&#8221; bg_image_repeat=&#8221;no-repeat&#8221; bg_override=&#8221;ex-full&#8221; enable_overlay=&#8221;enable_overlay_value&#8221; overlay_color=&#8221;rgba(48,48,48,0.39)&#8221; type=&#8221;vc_default&#8221; css=&#8221;.vc_custom_1552845138490{margin-bottom: 0px !important;padding-top: 90px !important;padding-bottom: 90px !important;}&#8221;][vc_column width=&#8221;2\/3&#8243; offset=&#8221;vc_col-lg-offset-2 vc_col-md-offset-2 vc_col-sm-offset-2&#8243;]<div id=\"ultimate-heading-352869f539933e581\" class=\"uvc-heading ult-adjust-bottom-margin ultimate-heading-352869f539933e581 uvc-1191 \" data-hspacer=\"no_spacer\"  data-halign=\"center\" style=\"text-align:center\"><div class=\"uvc-heading-spacer no_spacer\" style=\"top\"><\/div><div class=\"uvc-main-heading ult-responsive\"  data-ultimate-target='.uvc-heading.ultimate-heading-352869f539933e581 h1'  data-responsive-json-new='{\"font-size\":\"desktop:30px;\",\"line-height\":\"desktop:40px;\"}' ><h1 style=\"font-weight:bold;color:#ffffff;margin-bottom:20px;\">CONT\u00c1CTANOS<\/h1><\/div><div class=\"uvc-sub-heading ult-responsive\"  data-ultimate-target='.uvc-heading.ultimate-heading-352869f539933e581 .uvc-sub-heading '  data-responsive-json-new='{\"font-size\":\"desktop:16px;\",\"line-height\":\"desktop:28px;\"}'  style=\"font-weight:normal;color:#ffffff;margin-bottom:30px;\"><a href=\"https:\/\/logp.gbls.com.mx\/?page_id=1212\"> <font size=\"6\">Ingresa aqu\u00ed para ponernos en contacto contigo<\/font><\/a><\/div><\/div>[\/vc_column][\/vc_row]<\/p>\n","protected":false},"excerpt":{"rendered":"<p>[vc_row][vc_column][vc_tta_tour style=&#8221;flat&#8221; shape=&#8221;square&#8221; color=&#8221;white&#8221; active_section=&#8221;1&#8243;][vc_tta_section title=&#8221;Clase 1: Explosivos&#8221; tab_id=&#8221;1552843749658-3b0d835a-01142c42-7d51&#8243;][vc_column_text]Comprende de sustancias explosivas, art\u00edculos explosivos y sustancias que producen efecto explosivo pirot\u00e9cnico. Se subdivide en seis subclases: 1.1 Materiales y art\u00edculos que presentan riesgo de explosi\u00f3n de toda la masa (como la nitroglicerina y la dinamita). 1.2 Materiales y art\u00edculos que presentan riesgo de proyecci\u00f3n, pero&hellip;<\/p>\n","protected":false},"author":1,"featured_media":0,"parent":0,"menu_order":0,"comment_status":"closed","ping_status":"closed","template":"","meta":[],"class_list":["post-1250","page","type-page","status-publish","hentry","description-off"],"_links":{"self":[{"href":"https:\/\/web.logp.com.mx\/index.php?rest_route=\/wp\/v2\/pages\/1250","targetHints":{"allow":["GET"]}}],"collection":[{"href":"https:\/\/web.logp.com.mx\/index.php?rest_route=\/wp\/v2\/pages"}],"about":[{"href":"https:\/\/web.logp.com.mx\/index.php?rest_route=\/wp\/v2\/types\/page"}],"author":[{"embeddable":true,"href":"https:\/\/web.logp.com.mx\/index.php?rest_route=\/wp\/v2\/users\/1"}],"replies":[{"embeddable":true,"href":"https:\/\/web.logp.com.mx\/index.php?rest_route=%2Fwp%2Fv2%2Fcomments&post=1250"}],"version-history":[{"count":15,"href":"https:\/\/web.logp.com.mx\/index.php?rest_route=\/wp\/v2\/pages\/1250\/revisions"}],"predecessor-version":[{"id":1420,"href":"https:\/\/web.logp.com.mx\/index.php?rest_route=\/wp\/v2\/pages\/1250\/revisions\/1420"}],"wp:attachment":[{"href":"https:\/\/web.logp.com.mx\/index.php?rest_route=%2Fwp%2Fv2%2Fmedia&parent=1250"}],"curies":[{"name":"wp","href":"https:\/\/api.w.org\/{rel}","templated":true}]}}