{"id":1212,"date":"2019-03-17T21:26:13","date_gmt":"2019-03-17T21:26:13","guid":{"rendered":"http:\/\/logpack.gbts.mx\/?page_id=1212"},"modified":"2021-10-29T17:40:30","modified_gmt":"2021-10-29T17:40:30","slug":"contacto","status":"publish","type":"page","link":"https:\/\/web.logp.com.mx\/?page_id=1212","title":{"rendered":"Contacto"},"content":{"rendered":"<p>[vc_row css=&#8221;.vc_custom_1552859542479{padding-top: 50px !important;padding-bottom: 50px !important;}&#8221;][vc_column][vc_row_inner][vc_column_inner width=&#8221;1\/3&#8243;][vc_icon icon_fontawesome=&#8221;fa fa-map-marker&#8221; color=&#8221;white&#8221; background_style=&#8221;rounded&#8221; background_color=&#8221;custom&#8221; align=&#8221;center&#8221; custom_background_color=&#8221;#de492b&#8221;]<div id=\"ultimate-heading-37369f53a042bac0\" class=\"uvc-heading ult-adjust-bottom-margin ultimate-heading-37369f53a042bac0 uvc-8991 \" data-hspacer=\"no_spacer\"  data-halign=\"center\" style=\"text-align:center\"><div class=\"uvc-heading-spacer no_spacer\" style=\"top\"><\/div><div class=\"uvc-main-heading ult-responsive\"  data-ultimate-target='.uvc-heading.ultimate-heading-37369f53a042bac0 h5'  data-responsive-json-new='{\"font-size\":\"\",\"line-height\":\"\"}' ><h5 style=\"font-weight:bold;\">Calle 41 No.235 A por 14 y 16 Colonia Mayap\u00e1n, M\u00e9rida Yucat\u00e1n<\/h5><\/div><\/div>[\/vc_column_inner][vc_column_inner width=&#8221;1\/3&#8243;][vc_icon icon_fontawesome=&#8221;fa fa-phone&#8221; color=&#8221;white&#8221; background_style=&#8221;rounded&#8221; background_color=&#8221;custom&#8221; align=&#8221;center&#8221; custom_background_color=&#8221;#de492b&#8221;]<div id=\"ultimate-heading-812269f53a042bafd\" class=\"uvc-heading ult-adjust-bottom-margin ultimate-heading-812269f53a042bafd uvc-1467 \" data-hspacer=\"no_spacer\"  data-halign=\"center\" style=\"text-align:center\"><div class=\"uvc-heading-spacer no_spacer\" style=\"top\"><\/div><div class=\"uvc-main-heading ult-responsive\"  data-ultimate-target='.uvc-heading.ultimate-heading-812269f53a042bafd h5'  data-responsive-json-new='{\"font-size\":\"\",\"line-height\":\"\"}' ><h5 style=\"font-weight:bold;\">(999)922-60-54<\/h5><\/div><\/div>[\/vc_column_inner][vc_column_inner width=&#8221;1\/3&#8243;][vc_icon icon_fontawesome=&#8221;fa fa-envelope-o&#8221; color=&#8221;white&#8221; background_style=&#8221;rounded&#8221; background_color=&#8221;custom&#8221; align=&#8221;center&#8221; custom_background_color=&#8221;#de492b&#8221;]<div id=\"ultimate-heading-337569f53a042bb1f\" class=\"uvc-heading ult-adjust-bottom-margin ultimate-heading-337569f53a042bb1f uvc-385 \" data-hspacer=\"no_spacer\"  data-halign=\"center\" style=\"text-align:center\"><div class=\"uvc-heading-spacer no_spacer\" style=\"top\"><\/div><div class=\"uvc-main-heading ult-responsive\"  data-ultimate-target='.uvc-heading.ultimate-heading-337569f53a042bb1f h5'  data-responsive-json-new='{\"font-size\":\"\",\"line-height\":\"\"}' ><h5 style=\"font-weight:bold;\">servicioalcliente@logp.gbls.com.mx<\/h5><\/div><\/div>[\/vc_column_inner][\/vc_row_inner][\/vc_column][\/vc_row][vc_row full_width=&#8221;stretch_row&#8221; gap=&#8221;25&#8243; bg_type=&#8221;bg_color&#8221; bg_color_value=&#8221;#f2f2f2&#8243;][vc_column]<div id=\"ultimate-heading-937169f53a042bb3e\" class=\"uvc-heading ult-adjust-bottom-margin ultimate-heading-937169f53a042bb3e uvc-6117 \" data-hspacer=\"no_spacer\"  data-halign=\"center\" style=\"text-align:center\"><div class=\"uvc-heading-spacer no_spacer\" style=\"top\"><\/div><div class=\"uvc-main-heading ult-responsive\"  data-ultimate-target='.uvc-heading.ultimate-heading-937169f53a042bb3e h3'  data-responsive-json-new='{\"font-size\":\"\",\"line-height\":\"\"}' ><h3 style=\"font-weight:bold;margin-bottom:40px;\">Sucursales<\/h3><\/div><\/div>[vc_tta_tour style=&#8221;flat&#8221; shape=&#8221;square&#8221; color=&#8221;white&#8221; active_section=&#8221;1&#8243;][vc_tta_section title=&#8221;M\u00e9rida&#8221; tab_id=&#8221;1552843749658-3b0d835a-0114fbd5-864f&#8221;][vc_column_text]<strong>Direcci\u00f3n<\/strong>: 41 No. 235 A X 16 Y 14 COL. MAYAPAN<\/p>\n<p><strong>Horarios Lunes-Viernes:<\/strong> 09:00 A.M 7:00 P.M<\/p>\n<p><strong>Horarios\u00a0S\u00e1bado: <\/strong>09:00 A.M 2:00 P.M<\/p>\n<p><strong>Tel\u00e9fonos:<\/strong> (999)922-60-54 Y (999)285-73-84[\/vc_column_text][vc_gmaps link=&#8221;#E-8_JTNDaWZyYW1lJTIwc3JjJTNEJTIyaHR0cHMlM0ElMkYlMkZ3d3cuZ29vZ2xlLmNvbSUyRm1hcHMlMkZlbWJlZCUzRnBiJTNEJTIxMW0xOCUyMTFtMTIlMjExbTMlMjExZDM3MjUuMzczNzAzMTUyMjYzNyUyMTJkLTg5LjU5NzU5NzI4NTA2ODI1JTIxM2QyMC45Nzc2NTE5ODYwMjYwMiUyMTJtMyUyMTFmMCUyMTJmMCUyMTNmMCUyMTNtMiUyMTFpMTAyNCUyMTJpNzY4JTIxNGYxMy4xJTIxM20zJTIxMW0yJTIxMXMweDhmNTY3MTIyMzY0NGI1MGIlMjUzQTB4OGI5OTg0OTFjM2VmMzE1NyUyMTJzUGFxdWV0ZXIlMjVDMyUyNUFEYSUyQnklMkJNZW5zYWplciUyNUMzJTI1QURhJTJCTG9ncGFjayUyMTVlMCUyMTNtMiUyMTFzZXMlMjEyc214JTIxNHYxNTU4NDQ4OTAxNDY0JTIxNW0yJTIxMXNlcyUyMTJzbXglMjIlMjB3aWR0aCUzRCUyMjYwMCUyMiUyMGhlaWdodCUzRCUyMjQ1MCUyMiUyMGZyYW1lYm9yZGVyJTNEJTIyMCUyMiUyMHN0eWxlJTNEJTIyYm9yZGVyJTNBMCUyMiUyMGFsbG93ZnVsbHNjcmVlbiUzRSUzQyUyRmlmcmFtZSUzRQ==&#8221;][\/vc_tta_section][vc_tta_section title=&#8221;Canc\u00fan&#8221; tab_id=&#8221;1552843749678-3d155db5-b05ffbd5-864f&#8221;][vc_column_text]<strong>Direcci\u00f3n<\/strong>: SM 91 MZ 94 LOTE 2 Av. Francisco I. Madero Zona Urbana CP 77515<\/p>\n<p><strong>Horarios Lunes-Viernes:<\/strong> 09:00 A.M 6:00 P.M<\/p>\n<p><strong>Horarios\u00a0S\u00e1bado: <\/strong>09:00 A.M 1:00 P.M<\/p>\n<p><strong>Tel\u00e9fonos:<\/strong> 9985576842[\/vc_column_text][vc_gmaps link=&#8221;#E-8_JTNDaWZyYW1lJTIwc3JjJTNEJTIyaHR0cHMlM0ElMkYlMkZ3d3cuZ29vZ2xlLmNvbSUyRm1hcHMlMkZlbWJlZCUzRnBiJTNEJTIxMW0xOCUyMTFtMTIlMjExbTMlMjExZDkzMC4xNTMyMjU5MjQ5NTQlMjEyZC04Ni44NDcyMDU3NzA4Mzg3JTIxM2QyMS4xNjc3OTc5NDk3MzY2NzclMjEybTMlMjExZjAlMjEyZjAlMjEzZjAlMjEzbTIlMjExaTEwMjQlMjEyaTc2OCUyMTRmMTMuMSUyMTNtMyUyMTFtMiUyMTFzMHg4ZjRjMmM3M2RiYThmNGIzJTI1M0EweDQwMDlkYmE1NmI4N2FmYzAlMjEyc1BldGlyb2pvJTI1MkMlMjUyMFR1bWJlbiUyNTIwQ3V4dGFsJTI1MkMlMjUyMDkxJTI1MkMlMjUyMDc3NTE2JTI1MjBDYW5jJTI1QzMlMjVCQW4lMjUyQyUyNTIwUS5SLiUyMTVlMCUyMTNtMiUyMTFzZXMtNDE5JTIxMnNteCUyMTR2MTYzNTUyODM0MjIxOCUyMTVtMiUyMTFzZXMtNDE5JTIxMnNteCUyMiUyMHdpZHRoJTNEJTIyNjAwJTIyJTIwaGVpZ2h0JTNEJTIyNDUwJTIyJTIwc3R5bGUlM0QlMjJib3JkZXIlM0EwJTNCJTIyJTIwYWxsb3dmdWxsc2NyZWVuJTNEJTIyJTIyJTIwbG9hZGluZyUzRCUyMmxhenklMjIlM0UlM0MlMkZpZnJhbWUlM0U=&#8221;][\/vc_tta_section][vc_tta_section title=&#8221;Chetumal&#8221; tab_id=&#8221;1558262181016-b05c1982-d85a&#8221;][vc_row_inner][vc_column_inner][vc_column_text]<strong>Direcci\u00f3n<\/strong>: Av. Belice 355 entre laguna de bacalar e isla Canc\u00fan<\/p>\n<p><strong>Horarios Lunes-Viernes:<\/strong> 09:00 A.M 06:00 P.M<\/p>\n<p><strong>Horarios S\u00e1bado: 10<\/strong>:00 A.M 2:00 P.M<\/p>\n<p><strong>Tel\u00e9fonos:<\/strong> (983)154 55 57[\/vc_column_text][vc_gmaps link=&#8221;#E-8_JTNDaWZyYW1lJTIwc3JjJTNEJTIyaHR0cHMlM0ElMkYlMkZ3d3cuZ29vZ2xlLmNvbSUyRm1hcHMlMkZlbWJlZCUzRnBiJTNEJTIxMW0xOCUyMTFtMTIlMjExbTMlMjExZDIyNDkuNTIxNDkzODAyMzA3OCUyMTJkLTg4LjI5MjcyODkwNzkzODcxJTIxM2QxOC41MTg1NDU0ODE1MTgzMjMlMjEybTMlMjExZjAlMjEyZjAlMjEzZjAlMjEzbTIlMjExaTEwMjQlMjEyaTc2OCUyMTRmMTMuMSUyMTNtMyUyMTFtMiUyMTFzMHg4ZjViYTM2NGVhYmEzNjc1JTI1M0EweDM2OGNhM2YyNjZjYzM4M2ElMjEyc0F2LiUyNTIwQmVsaWNlJTI1MkMlMjUyMENoZXR1bWFsJTI1MkMlMjUyMFEuUi4lMjE1ZTAlMjEzbTIlMjExc2VzLTQxOSUyMTJzbXglMjE0djE2MDcwMzQ2NzU0NjklMjE1bTIlMjExc2VzLTQxOSUyMTJzbXglMjIlMjB3aWR0aCUzRCUyMjYwMCUyMiUyMGhlaWdodCUzRCUyMjQ1MCUyMiUyMGZyYW1lYm9yZGVyJTNEJTIyMCUyMiUyMHN0eWxlJTNEJTIyYm9yZGVyJTNBMCUzQiUyMiUyMGFsbG93ZnVsbHNjcmVlbiUzRCUyMiUyMiUyMGFyaWEtaGlkZGVuJTNEJTIyZmFsc2UlMjIlMjB0YWJpbmRleCUzRCUyMjAlMjIlM0UlM0MlMkZpZnJhbWUlM0U=&#8221;][\/vc_column_inner][\/vc_row_inner][\/vc_tta_section][vc_tta_section title=&#8221;Cozumel&#8221; tab_id=&#8221;1558262363288-37d3e886-7b90&#8243;][vc_column_text]<strong>Direcci\u00f3n<\/strong>: CALLE 25 Sur entre avenida 50 y 8 Col. San Miguel I, C.P 77600 COZUMEL, QUINTANA ROO<\/p>\n<p><strong>Horarios Lunes-Viernes:<\/strong> 09:00 A.M 6:00 P.M<\/p>\n<p><strong>Horarios\u00a0S\u00e1bado: <\/strong>cerrado<\/p>\n<p><strong>Tel\u00e9fonos:<\/strong> (987)872-68-33[\/vc_column_text][vc_gmaps link=&#8221;#E-8_JTNDaWZyYW1lJTIwc3JjJTNEJTIyaHR0cHMlM0ElMkYlMkZ3d3cuZ29vZ2xlLmNvbSUyRm1hcHMlMkZlbWJlZCUzRnBiJTNEJTIxMW0xOCUyMTFtMTIlMjExbTMlMjExZDkzNC4zMzM1NzEwMjY0MjYzJTIxMmQtODYuOTUzOTI1MzcwODEyNjElMjEzZDIwLjQ5MjUxODI5OTE0MzIyNCUyMTJtMyUyMTFmMCUyMTJmMCUyMTNmMCUyMTNtMiUyMTFpMTAyNCUyMTJpNzY4JTIxNGYxMy4xJTIxM20zJTIxMW0yJTIxMXMweDhmNGU1NzYyZGM2ODk0Y2YlMjUzQTB4ZDZmYjdkMDJiZWM4MWZlNSUyMTJzNTAlMkJBdmVuaWRhJTJCU3VyJTJCJTI1MjYlMkJDYWxsZSUyQjI1JTJCU3VyJTI1MkMlMkJTYW4lMkJNaWd1ZWwlMkJJJTI1MkMlMkJTYW4lMkJNaWd1ZWwlMkJkZSUyQkNvenVtZWwlMjUyQyUyQlEuUi4lMjE1ZTAlMjEzbTIlMjExc2VzLTQxOSUyMTJzbXglMjE0djE1NTg0NDk0MzY2NDQlMjE1bTIlMjExc2VzLTQxOSUyMTJzbXglMjIlMjB3aWR0aCUzRCUyMjYwMCUyMiUyMGhlaWdodCUzRCUyMjQ1MCUyMiUyMGZyYW1lYm9yZGVyJTNEJTIyMCUyMiUyMHN0eWxlJTNEJTIyYm9yZGVyJTNBMCUyMiUyMGFsbG93ZnVsbHNjcmVlbiUzRSUzQyUyRmlmcmFtZSUzRQ==&#8221;][\/vc_tta_section][vc_tta_section title=&#8221;Playa Del Carmen&#8221; tab_id=&#8221;1558262893133-a88b8cbc-cec6&#8243;][vc_column_text]<strong>Direcci\u00f3n<\/strong>: Av. C.T.M Mza 257 Lote 8 Entre 10 y 15 Av. Col. Luis Donaldo Colosio, Playa del Carmen Quintana Roo, CP 77710<\/p>\n<p><strong>Horarios Lunes-Viernes:<\/strong> 09:00 A.M 7:00 P.M<\/p>\n<p><strong>Horarios\u00a0S\u00e1bado: <\/strong>cerrado<\/p>\n<p><strong>Tel\u00e9fonos:<\/strong> (984)148-26-76 Y (984)147-47-22[\/vc_column_text][vc_gmaps link=&#8221;#E-8_JTNDaWZyYW1lJTIwc3JjJTNEJTIyaHR0cHMlM0ElMkYlMkZ3d3cuZ29vZ2xlLmNvbSUyRm1hcHMlMkZlbWJlZCUzRnBiJTNEJTIxMW0xNCUyMTFtOCUyMTFtMyUyMTFkNzQ2Ny4xMTY5MDgxNzQ3MDc1JTIxMmQtODcuMDcwMTA2JTIxM2QyMC42NDY4NDclMjEzbTIlMjExaTEwMjQlMjEyaTc2OCUyMTRmMTMuMSUyMTNtMyUyMTFtMiUyMTFzMHg4ZjRlNDMyYTYwYzg0OTA5JTI1M0EweDg0ODA4NmFhY2Y3NjE3NzIlMjEyc0F2LiUyQkNUTSUyNTJDJTJCUGxheWElMkJkZWwlMkJDYXJtZW4lMjUyQyUyQlEuUi4lMjE1ZTAlMjEzbTIlMjExc2VzLTQxOSUyMTJzbXglMjE0djE1NTg0NTAwMjY2MzQlMjE1bTIlMjExc2VzLTQxOSUyMTJzbXglMjIlMjB3aWR0aCUzRCUyMjYwMCUyMiUyMGhlaWdodCUzRCUyMjQ1MCUyMiUyMGZyYW1lYm9yZGVyJTNEJTIyMCUyMiUyMHN0eWxlJTNEJTIyYm9yZGVyJTNBMCUyMiUyMGFsbG93ZnVsbHNjcmVlbiUzRSUzQyUyRmlmcmFtZSUzRQ==&#8221;][\/vc_tta_section][vc_tta_section title=&#8221;Cd. Del Carmen&#8221; tab_id=&#8221;1558262980798-387f3429-8690&#8243;][vc_column_text]<strong>Direcci\u00f3n<\/strong>: Calle Teotihuac\u00e1n Mz 37 por Chiana y ave Central frac. Reforma<\/p>\n<p><strong>Horarios Lunes-Viernes:<\/strong> 09:00 A.M 7:00 P.M<\/p>\n<p><strong>Horarios\u00a0S\u00e1bado: <\/strong>cerrado<\/p>\n<p><strong>Tel\u00e9fonos:<\/strong> (999) 922-60-54, (938) 389-18-81[\/vc_column_text][vc_gmaps link=&#8221;#E-8_JTNDaWZyYW1lJTIwc3JjJTNEJTIyaHR0cHMlM0ElMkYlMkZ3d3cuZ29vZ2xlLmNvbSUyRm1hcHMlMkZlbWJlZCUzRnBiJTNEJTIxMW0xOCUyMTFtMTIlMjExbTMlMjExZDE1ODkuMzY1OTM5NjAzMzM1OCUyMTJkLTkxLjc3ODQ4ODQzMTUxMjEzJTIxM2QxOC42NTYzNDA0MTgwNTA5MTMlMjEybTMlMjExZjAlMjEyZjAlMjEzZjAlMjEzbTIlMjExaTEwMjQlMjEyaTc2OCUyMTRmMTMuMSUyMTNtMyUyMTFtMiUyMTFzMHg4NWYxMDdiMDZiMDEwNTEzJTI1M0EweGU4ODE1NzVhNzY3Mzk0NjglMjEyc0ZyYWNjaW9uYW1pZW50byUyNTIwUmVmb3JtYSUyMTVlMCUyMTNtMiUyMTFzZXMtNDE5JTIxMnNteCUyMTR2MTYwNzA5OTU0MzUxOCUyMTVtMiUyMTFzZXMtNDE5JTIxMnNteCUyMiUyMHdpZHRoJTNEJTIyNjAwJTIyJTIwaGVpZ2h0JTNEJTIyNDUwJTIyJTIwZnJhbWVib3JkZXIlM0QlMjIwJTIyJTIwc3R5bGUlM0QlMjJib3JkZXIlM0EwJTNCJTIyJTIwYWxsb3dmdWxsc2NyZWVuJTNEJTIyJTIyJTIwYXJpYS1oaWRkZW4lM0QlMjJmYWxzZSUyMiUyMHRhYmluZGV4JTNEJTIyMCUyMiUzRSUzQyUyRmlmcmFtZSUzRQ==&#8221;][\/vc_tta_section][vc_tta_section title=&#8221;Valladolid&#8221; tab_id=&#8221;1558263051163-962914b2-3c89&#8243;][vc_column_text]<strong>Direcci\u00f3n<\/strong>: Calle 49 No. 222 X 48 Y 50 Col. Centro<\/p>\n<p><strong>Horarios Lunes-Viernes:<\/strong> 09:00 A.M 6:00 P.M<\/p>\n<p><strong>Horarios\u00a0S\u00e1bado:<\/strong>09:00 A.M 2:00 P.M<\/p>\n<p><strong>Tel\u00e9fonos:\u00a0<\/strong>(985)102- 1411[\/vc_column_text][vc_gmaps link=&#8221;#E-8_JTNDaWZyYW1lJTIwc3JjJTNEJTIyaHR0cHMlM0ElMkYlMkZ3d3cuZ29vZ2xlLmNvbSUyRm1hcHMlMkZlbWJlZCUzRnBiJTNEJTIxMW0xNCUyMTFtOCUyMTFtMyUyMTFkMzczMi41NzIyNTI1NTA4MDYlMjEyZC04OC4yMDc2ODQzJTIxM2QyMC42ODY5NzQ0JTIxM20yJTIxMWkxMDI0JTIxMmk3NjglMjE0ZjEzLjElMjEzbTMlMjExbTIlMjExczB4OGY1MTBiMjBiMjhmN2FmMyUyNTNBMHg3ZGQ3ZWRhYTc0NWE2Y2FiJTIxMnNDYWxsZSUyQjQ5JTJCMjIyJTI1MkMlMkJTaXNhbCUyNTJDJTJCVmFsbGFkb2xpZCUyNTJDJTJCWXVjLiUyMTVlMCUyMTNtMiUyMTFzZXMtNDE5JTIxMnNteCUyMTR2MTU1ODQ1MDI3MDE5NyUyMTVtMiUyMTFzZXMtNDE5JTIxMnNteCUyMiUyMHdpZHRoJTNEJTIyNjAwJTIyJTIwaGVpZ2h0JTNEJTIyNDUwJTIyJTIwZnJhbWVib3JkZXIlM0QlMjIwJTIyJTIwc3R5bGUlM0QlMjJib3JkZXIlM0EwJTIyJTIwYWxsb3dmdWxsc2NyZWVuJTNFJTNDJTJGaWZyYW1lJTNF&#8221;][\/vc_tta_section][vc_tta_section title=&#8221;Campeche&#8221; tab_id=&#8221;1558263212532-4dab50eb-9351&#8243;][vc_column_text]<strong>Direcci\u00f3n<\/strong>: Calle Venezuela fovissste, Pablo Garcia Centro comercial bloque 10 local 28<\/p>\n<p><strong>Horarios Lunes-Viernes: 9<\/strong>:00 A.M 2:00 P.M -04:00 P.M 08:00 P.M<\/p>\n<p><strong>Horarios\u00a0S\u00e1bado:<\/strong> 09:00 A.M 2:00 P.M<\/p>\n<p><strong>Tel\u00e9fonos:<\/strong> 9811367372[\/vc_column_text][vc_gmaps link=&#8221;#E-8_JTNDaWZyYW1lJTIwc3JjJTNEJTIyaHR0cHMlM0ElMkYlMkZ3d3cuZ29vZ2xlLmNvbSUyRm1hcHMlMkZlbWJlZCUzRnBiJTNEJTIxMW0xOCUyMTFtMTIlMjExbTMlMjExZDM3NTIuODkxOTU1MzA3OTc4NiUyMTJkLTkwLjUyNDU4NDM4NTc3NDg5JTIxM2QxOS44NDQ1MjQwMzI1MjMyMzUlMjEybTMlMjExZjAlMjEyZjAlMjEzZjAlMjEzbTIlMjExaTEwMjQlMjEyaTc2OCUyMTRmMTMuMSUyMTNtMyUyMTFtMiUyMTFzMHg4NWY4MzE1NzAzY2YxMDU3JTI1M0EweDMzMmE0NWRiNTBjMjMxYjUlMjEyc1BhcGVsZXJpYSUyNTIwQmFtYmluaSUyMTVlMCUyMTNtMiUyMTFzZXMtNDE5JTIxMnNteCUyMTR2MTYzNTUyOTIwNTM0OCUyMTVtMiUyMTFzZXMtNDE5JTIxMnNteCUyMiUyMHdpZHRoJTNEJTIyNjAwJTIyJTIwaGVpZ2h0JTNEJTIyNDUwJTIyJTIwc3R5bGUlM0QlMjJib3JkZXIlM0EwJTNCJTIyJTIwYWxsb3dmdWxsc2NyZWVuJTNEJTIyJTIyJTIwbG9hZGluZyUzRCUyMmxhenklMjIlM0UlM0MlMkZpZnJhbWUlM0U=&#8221;][\/vc_tta_section][vc_tta_section title=&#8221;Tizimin&#8221; tab_id=&#8221;1558263353509-bafc52c8-29e6&#8243;][vc_column_text]<strong>Direcci\u00f3n<\/strong>: CALLE 26 X 49A Y49B No. 333 COL. SAN JOS\u00c9 NABALAM CP. 97700 TIZIM\u00cdN, YUCAT\u00c1N<\/p>\n<p><strong>Horarios Lunes-Viernes:<\/strong>09:00 A.M 6:00 P.M<\/p>\n<p><strong>Horarios\u00a0S\u00e1bado:<\/strong> 09:00 A.M 2:00 P.M<\/p>\n<p><strong>Tel\u00e9fonos:<\/strong> (986)103-25-67[\/vc_column_text][vc_gmaps link=&#8221;#E-8_JTNDaWZyYW1lJTIwc3JjJTNEJTIyaHR0cHMlM0ElMkYlMkZ3d3cuZ29vZ2xlLmNvbSUyRm1hcHMlMkZlbWJlZCUzRnBiJTNEJTIxMW0xOCUyMTFtMTIlMjExbTMlMjExZDM3MjEuMzUzNTEzNDMxMjg0NyUyMTJkLTg4LjEzODM2NDA4NTA2NTUlMjEzZDIxLjEzODMyNTI4NTkzOTA5NiUyMTJtMyUyMTFmMCUyMTJmMCUyMTNmMCUyMTNtMiUyMTFpMTAyNCUyMTJpNzY4JTIxNGYxMy4xJTIxM20zJTIxMW0yJTIxMXMweDhmNTIyYjA0NjZhZDc5ZGYlMjUzQTB4ZjU4ZWY1YzI0MzdiYWJhJTIxMnNDYWxsZSUyQjI2JTJCMzMzJTI1MkMlMkJTYW4lMkJKb3MlMjVDMyUyNUE5JTJCTmFoYmFsYW0lMjUyQyUyQjk3NzAwJTJCVGl6aW0lMjVDMyUyNUFEbiUyNTJDJTJCWXVjLiUyMTVlMCUyMTNtMiUyMTFzZXMtNDE5JTIxMnNteCUyMTR2MTU1ODQ1MDM1MzYyOCUyMTVtMiUyMTFzZXMtNDE5JTIxMnNteCUyMiUyMHdpZHRoJTNEJTIyNjAwJTIyJTIwaGVpZ2h0JTNEJTIyNDUwJTIyJTIwZnJhbWVib3JkZXIlM0QlMjIwJTIyJTIwc3R5bGUlM0QlMjJib3JkZXIlM0EwJTIyJTIwYWxsb3dmdWxsc2NyZWVuJTNFJTNDJTJGaWZyYW1lJTNF&#8221;][\/vc_tta_section][\/vc_tta_tour][vc_row_inner equal_height=&#8221;yes&#8221; gap=&#8221;30&#8243; css=&#8221;.vc_custom_1552861074382{padding-top: 20px !important;padding-right: 20px !important;padding-bottom: 20px !important;padding-left: 20px !important;}&#8221;][vc_column_inner css=&#8221;.vc_custom_1552860058960{padding-top: 20px !important;padding-right: 20px !important;padding-bottom: 20px !important;padding-left: 20px !important;background-color: #ffffff !important;}&#8221;]<div id=\"ultimate-heading-171869f53a042bb65\" class=\"uvc-heading ult-adjust-bottom-margin ultimate-heading-171869f53a042bb65 uvc-701 \" data-hspacer=\"no_spacer\"  data-halign=\"left\" style=\"text-align:left\"><div class=\"uvc-heading-spacer no_spacer\" style=\"top\"><\/div><div class=\"uvc-main-heading ult-responsive\"  data-ultimate-target='.uvc-heading.ultimate-heading-171869f53a042bb65 h4'  data-responsive-json-new='{\"font-size\":\"\",\"line-height\":\"\"}' ><h4 style=\"font-weight:bold;color:#de492b;margin-bottom:30px;\">ESCR\u00cdBENOS<\/h4><\/div><\/div><form class=\"dt-contact-form dt-form\" action=\"\/\" method=\"post\">\n<input type=\"hidden\" name=\"widget_id\" value=\"presscore-contact-form-widget--1\" \/><input type=\"hidden\" name=\"send_message\" value=\"\" \/><div class=\"form-fields\"><span class=\"form-name\"><label class=\"assistive-text\">Name<\/label><input type=\"text\" placeholder=\"Name\" name=\"name\" value=\"\" aria-required=\"false\">\n<\/span><span class=\"form-mail\"><label class=\"assistive-text\">E-mail<\/label><input type=\"text\" placeholder=\"E-mail\" name=\"email\" value=\"\" aria-required=\"false\">\n<\/span><span class=\"form-telephone\"><label class=\"assistive-text\">Telephone<\/label><input type=\"text\" placeholder=\"Telephone\" name=\"telephone\" value=\"\" aria-required=\"false\">\n<\/span><span class=\"form-city\"><label class=\"assistive-text\">City<\/label><input type=\"text\" placeholder=\"City\" name=\"city\" value=\"\" aria-required=\"false\">\n<\/span><\/div><p><a href=\"#\" class=\"dt-btn dt-btn-m dt-btn-submit\" rel=\"nofollow\"><span>ENVIAR<\/span><\/a><input class=\"assistive-text\" type=\"submit\" value=\"submit\"><\/p><\/form>\n[\/vc_column_inner][\/vc_row_inner][\/vc_column][\/vc_row]<\/p>\n","protected":false},"excerpt":{"rendered":"<p>[vc_row css=&#8221;.vc_custom_1552859542479{padding-top: 50px !important;padding-bottom: 50px !important;}&#8221;][vc_column][vc_row_inner][vc_column_inner width=&#8221;1\/3&#8243;][vc_icon icon_fontawesome=&#8221;fa fa-map-marker&#8221; color=&#8221;white&#8221; background_style=&#8221;rounded&#8221; background_color=&#8221;custom&#8221; align=&#8221;center&#8221; custom_background_color=&#8221;#de492b&#8221;][\/vc_column_inner][vc_column_inner width=&#8221;1\/3&#8243;][vc_icon icon_fontawesome=&#8221;fa fa-phone&#8221; color=&#8221;white&#8221; background_style=&#8221;rounded&#8221; background_color=&#8221;custom&#8221; align=&#8221;center&#8221; custom_background_color=&#8221;#de492b&#8221;][\/vc_column_inner][vc_column_inner width=&#8221;1\/3&#8243;][vc_icon icon_fontawesome=&#8221;fa fa-envelope-o&#8221; color=&#8221;white&#8221; background_style=&#8221;rounded&#8221; background_color=&#8221;custom&#8221; align=&#8221;center&#8221; custom_background_color=&#8221;#de492b&#8221;][\/vc_column_inner][\/vc_row_inner][\/vc_column][\/vc_row][vc_row full_width=&#8221;stretch_row&#8221; gap=&#8221;25&#8243; bg_type=&#8221;bg_color&#8221; bg_color_value=&#8221;#f2f2f2&#8243;][vc_column][vc_tta_tour style=&#8221;flat&#8221; shape=&#8221;square&#8221; color=&#8221;white&#8221; active_section=&#8221;1&#8243;][vc_tta_section title=&#8221;M\u00e9rida&#8221; tab_id=&#8221;1552843749658-3b0d835a-0114fbd5-864f&#8221;][vc_column_text]Direcci\u00f3n: 41 No. 235 A X 16 Y 14 COL. MAYAPAN Horarios Lunes-Viernes: 09:00 A.M 7:00&hellip;<\/p>\n","protected":false},"author":1,"featured_media":0,"parent":0,"menu_order":0,"comment_status":"closed","ping_status":"closed","template":"","meta":[],"class_list":["post-1212","page","type-page","status-publish","hentry","description-off"],"_links":{"self":[{"href":"https:\/\/web.logp.com.mx\/index.php?rest_route=\/wp\/v2\/pages\/1212","targetHints":{"allow":["GET"]}}],"collection":[{"href":"https:\/\/web.logp.com.mx\/index.php?rest_route=\/wp\/v2\/pages"}],"about":[{"href":"https:\/\/web.logp.com.mx\/index.php?rest_route=\/wp\/v2\/types\/page"}],"author":[{"embeddable":true,"href":"https:\/\/web.logp.com.mx\/index.php?rest_route=\/wp\/v2\/users\/1"}],"replies":[{"embeddable":true,"href":"https:\/\/web.logp.com.mx\/index.php?rest_route=%2Fwp%2Fv2%2Fcomments&post=1212"}],"version-history":[{"count":39,"href":"https:\/\/web.logp.com.mx\/index.php?rest_route=\/wp\/v2\/pages\/1212\/revisions"}],"predecessor-version":[{"id":1434,"href":"https:\/\/web.logp.com.mx\/index.php?rest_route=\/wp\/v2\/pages\/1212\/revisions\/1434"}],"wp:attachment":[{"href":"https:\/\/web.logp.com.mx\/index.php?rest_route=%2Fwp%2Fv2%2Fmedia&parent=1212"}],"curies":[{"name":"wp","href":"https:\/\/api.w.org\/{rel}","templated":true}]}}